{"id":9391,"date":"2025-06-18T07:39:22","date_gmt":"2025-06-18T06:39:22","guid":{"rendered":"https:\/\/woodymancamera.com\/?post_type=product&#038;p=9391"},"modified":"2025-06-18T08:49:38","modified_gmt":"2025-06-18T07:49:38","slug":"la-8x10-ab","status":"publish","type":"product","link":"https:\/\/woodymancamera.com\/en\/product\/la-8x10-ab\/","title":{"rendered":"The 8\u00d710 AB"},"content":{"rendered":"<p>Minimum extension: 120 mm<br \/>\nMaximum extension: 740 mm<br \/>\nRecommended focal length range: from 120mm to 600mm<br \/>\nDimensions of the closed box:<br \/>\n\u00b7 Length: 314mm<br \/>\n\u00b7 Width: 350 mm (with buttons)<br \/>\n\u00b7 Height: 115 mm<br \/>\nMaterials: Birch plywood, carbon fiber, anodized aluminum,<br \/>\nstainless steel screws, plastic buttons with stainless steel insert<br \/>\nWeight: 4.2 kg (with frosted glass and board)<br \/>\nFrosted: glass with acrylic Fresnel<br \/>\nObjective board: 140\u00d7140 mm (Sinar type)<br \/>\n\u00b7 Includes set of 3 Copal boards (0, 1 and 3)<br \/>\nTripod mounting: 2 mounting holes 3\/8 inch + 1\/4 inch adapter<br \/>\nMovements:<br \/>\n\u00b7 front plane tilt: only limited by the bellows<br \/>\n\u00b7 front plane tilt: only limited by the bellows<br \/>\n\u00b7 front horizontal offset: -\/+ 50mm<br \/>\n\u00b7 front vertical offset: -\/+ 70\u00b0<br \/>\n\u00b7 rear plane inclination: 25\u00b0 backwards or limited by the bellows forwards<br \/>\n\u00b7 rear plane tilt: -\/+ 10\u00b0<\/p>","protected":false},"excerpt":{"rendered":"<p>The 8\u00d710 is even more compact, with more extension and stability.<br \/>\nIt has almost all the movements available on a technical chamber.<br \/>\nOnce folded, you can easily transport it on all your trips.<br \/>\nand set it up quickly for your shots.<br \/>\n<em>\/\/\/ Current lead times for manufacturing\/delivery 8\/10 weeks \/\/\/<br \/>\n<\/em><\/p>","protected":false},"featured_media":9388,"comment_status":"open","ping_status":"closed","template":"","meta":[],"product_brand":[],"product_cat":[65,64],"product_tag":[],"class_list":{"0":"post-9391","1":"product","2":"type-product","3":"status-publish","4":"has-post-thumbnail","6":"product_cat-8x10format","7":"product_cat-woodycameras","8":"product_shipping_class-woodyman-camera-shipping","9":"nt-post-class","10":"","16":"first","17":"instock","18":"shipping-taxable","19":"purchasable","20":"product-type-variable"},"yoast_head":"<!-- This site is optimized with the Yoast SEO plugin v27.4 - https:\/\/yoast.com\/product\/yoast-seo-wordpress\/ -->\n<title>La 8x10 AB - Woodyman Camera<\/title>\n<meta name=\"robots\" content=\"index, follow, max-snippet:-1, max-image-preview:large, max-video-preview:-1\" \/>\n<link rel=\"canonical\" href=\"https:\/\/woodymancamera.com\/en\/product\/la-8x10-ab\/\" \/>\n<meta property=\"og:locale\" content=\"en_GB\" \/>\n<meta property=\"og:type\" content=\"article\" \/>\n<meta property=\"og:title\" content=\"La 8x10 AB - Woodyman Camera\" \/>\n<meta property=\"og:description\" content=\"La 8x10 en encore plus compacte, avec plus d&#039;allonge et de stabilit\u00e9. Elle poss\u00e8de la quasi totalit\u00e9 des mouvements disponible sur une chambre technique. Une fois repli\u00e9e, vous pourrez la transporter ais\u00e9ment dans toutes vos vir\u00e9es et l&#039;installer rapidement pour vos prises de vues. \/\/\/ D\u00e9lais actuels pour la fabrication\/livraison 8\/10 semaines \/\/\/\" \/>\n<meta property=\"og:url\" content=\"https:\/\/woodymancamera.com\/en\/product\/la-8x10-ab\/\" \/>\n<meta property=\"og:site_name\" content=\"Woodyman Camera\" \/>\n<meta property=\"article:publisher\" content=\"https:\/\/www.facebook.com\/WoodymanProject\/\" \/>\n<meta property=\"article:modified_time\" content=\"2025-06-18T07:49:38+00:00\" \/>\n<meta property=\"og:image\" content=\"https:\/\/woodymancamera.com\/wp-content\/uploads\/2025\/06\/8x10-Ducky-3-quart-face.jpg\" \/>\n\t<meta property=\"og:image:width\" content=\"1476\" \/>\n\t<meta property=\"og:image:height\" content=\"1476\" \/>\n\t<meta property=\"og:image:type\" content=\"image\/jpeg\" \/>\n<meta name=\"twitter:card\" content=\"summary_large_image\" \/>\n<meta name=\"twitter:label1\" content=\"Estimated reading time\" \/>\n\t<meta name=\"twitter:data1\" content=\"1 minute\" \/>\n<script type=\"application\/ld+json\" class=\"yoast-schema-graph\">{\"@context\":\"https:\\\/\\\/schema.org\",\"@graph\":[{\"@type\":\"WebPage\",\"@id\":\"https:\\\/\\\/woodymancamera.com\\\/product\\\/la-8x10-ab\\\/\",\"url\":\"https:\\\/\\\/woodymancamera.com\\\/product\\\/la-8x10-ab\\\/\",\"name\":\"La 8x10 AB - Woodyman Camera\",\"isPartOf\":{\"@id\":\"https:\\\/\\\/woodymancamera.com\\\/#website\"},\"primaryImageOfPage\":{\"@id\":\"https:\\\/\\\/woodymancamera.com\\\/product\\\/la-8x10-ab\\\/#primaryimage\"},\"image\":{\"@id\":\"https:\\\/\\\/woodymancamera.com\\\/product\\\/la-8x10-ab\\\/#primaryimage\"},\"thumbnailUrl\":\"https:\\\/\\\/woodymancamera.com\\\/wp-content\\\/uploads\\\/2025\\\/06\\\/8x10-Ducky-3-quart-face.jpg\",\"datePublished\":\"2025-06-18T06:39:22+00:00\",\"dateModified\":\"2025-06-18T07:49:38+00:00\",\"breadcrumb\":{\"@id\":\"https:\\\/\\\/woodymancamera.com\\\/product\\\/la-8x10-ab\\\/#breadcrumb\"},\"inLanguage\":\"en-GB\",\"potentialAction\":[{\"@type\":\"ReadAction\",\"target\":[\"https:\\\/\\\/woodymancamera.com\\\/product\\\/la-8x10-ab\\\/\"]}]},{\"@type\":\"ImageObject\",\"inLanguage\":\"en-GB\",\"@id\":\"https:\\\/\\\/woodymancamera.com\\\/product\\\/la-8x10-ab\\\/#primaryimage\",\"url\":\"https:\\\/\\\/woodymancamera.com\\\/wp-content\\\/uploads\\\/2025\\\/06\\\/8x10-Ducky-3-quart-face.jpg\",\"contentUrl\":\"https:\\\/\\\/woodymancamera.com\\\/wp-content\\\/uploads\\\/2025\\\/06\\\/8x10-Ducky-3-quart-face.jpg\",\"width\":1476,\"height\":1476},{\"@type\":\"BreadcrumbList\",\"@id\":\"https:\\\/\\\/woodymancamera.com\\\/product\\\/la-8x10-ab\\\/#breadcrumb\",\"itemListElement\":[{\"@type\":\"ListItem\",\"position\":1,\"name\":\"Accueil\",\"item\":\"https:\\\/\\\/woodymancamera.com\\\/\"},{\"@type\":\"ListItem\",\"position\":2,\"name\":\"WOODYSHop\",\"item\":\"https:\\\/\\\/woodymancamera.com\\\/woodyshop\\\/\"},{\"@type\":\"ListItem\",\"position\":3,\"name\":\"La 8&#215;10 AB\"}]},{\"@type\":\"WebSite\",\"@id\":\"https:\\\/\\\/woodymancamera.com\\\/#website\",\"url\":\"https:\\\/\\\/woodymancamera.com\\\/\",\"name\":\"Woodyman Camera\",\"description\":\"Un site qui envoie du bois \u30c5\",\"publisher\":{\"@id\":\"https:\\\/\\\/woodymancamera.com\\\/#organization\"},\"potentialAction\":[{\"@type\":\"SearchAction\",\"target\":{\"@type\":\"EntryPoint\",\"urlTemplate\":\"https:\\\/\\\/woodymancamera.com\\\/?s={search_term_string}\"},\"query-input\":{\"@type\":\"PropertyValueSpecification\",\"valueRequired\":true,\"valueName\":\"search_term_string\"}}],\"inLanguage\":\"en-GB\"},{\"@type\":\"Organization\",\"@id\":\"https:\\\/\\\/woodymancamera.com\\\/#organization\",\"name\":\"Woodyman Camera\",\"url\":\"https:\\\/\\\/woodymancamera.com\\\/\",\"logo\":{\"@type\":\"ImageObject\",\"inLanguage\":\"en-GB\",\"@id\":\"https:\\\/\\\/woodymancamera.com\\\/#\\\/schema\\\/logo\\\/image\\\/\",\"url\":\"https:\\\/\\\/woodymancamera.com\\\/wp-content\\\/uploads\\\/2023\\\/02\\\/woodyman_logo3_Plan-de-travail-1.png\",\"contentUrl\":\"https:\\\/\\\/woodymancamera.com\\\/wp-content\\\/uploads\\\/2023\\\/02\\\/woodyman_logo3_Plan-de-travail-1.png\",\"width\":2084,\"height\":1197,\"caption\":\"Woodyman Camera\"},\"image\":{\"@id\":\"https:\\\/\\\/woodymancamera.com\\\/#\\\/schema\\\/logo\\\/image\\\/\"},\"sameAs\":[\"https:\\\/\\\/www.facebook.com\\\/WoodymanProject\\\/\",\"https:\\\/\\\/www.instagram.com\\\/woodymanproject\\\/\"]}]}<\/script>\n<!-- \/ Yoast SEO plugin. -->","yoast_head_json":{"title":"The 8x10 AB - Woodyman Camera","robots":{"index":"index","follow":"follow","max-snippet":"max-snippet:-1","max-image-preview":"max-image-preview:large","max-video-preview":"max-video-preview:-1"},"canonical":"https:\/\/woodymancamera.com\/en\/product\/la-8x10-ab\/","og_locale":"en_GB","og_type":"article","og_title":"La 8x10 AB - Woodyman Camera","og_description":"La 8x10 en encore plus compacte, avec plus d'allonge et de stabilit\u00e9. Elle poss\u00e8de la quasi totalit\u00e9 des mouvements disponible sur une chambre technique. Une fois repli\u00e9e, vous pourrez la transporter ais\u00e9ment dans toutes vos vir\u00e9es et l'installer rapidement pour vos prises de vues. \/\/\/ D\u00e9lais actuels pour la fabrication\/livraison 8\/10 semaines \/\/\/","og_url":"https:\/\/woodymancamera.com\/en\/product\/la-8x10-ab\/","og_site_name":"Woodyman Camera","article_publisher":"https:\/\/www.facebook.com\/WoodymanProject\/","article_modified_time":"2025-06-18T07:49:38+00:00","og_image":[{"width":1476,"height":1476,"url":"https:\/\/woodymancamera.com\/wp-content\/uploads\/2025\/06\/8x10-Ducky-3-quart-face.jpg","type":"image\/jpeg"}],"twitter_card":"summary_large_image","twitter_misc":{"Estimated reading time":"1 minute"},"schema":{"@context":"https:\/\/schema.org","@graph":[{"@type":"WebPage","@id":"https:\/\/woodymancamera.com\/product\/la-8x10-ab\/","url":"https:\/\/woodymancamera.com\/product\/la-8x10-ab\/","name":"The 8x10 AB - Woodyman Camera","isPartOf":{"@id":"https:\/\/woodymancamera.com\/#website"},"primaryImageOfPage":{"@id":"https:\/\/woodymancamera.com\/product\/la-8x10-ab\/#primaryimage"},"image":{"@id":"https:\/\/woodymancamera.com\/product\/la-8x10-ab\/#primaryimage"},"thumbnailUrl":"https:\/\/woodymancamera.com\/wp-content\/uploads\/2025\/06\/8x10-Ducky-3-quart-face.jpg","datePublished":"2025-06-18T06:39:22+00:00","dateModified":"2025-06-18T07:49:38+00:00","breadcrumb":{"@id":"https:\/\/woodymancamera.com\/product\/la-8x10-ab\/#breadcrumb"},"inLanguage":"en-GB","potentialAction":[{"@type":"ReadAction","target":["https:\/\/woodymancamera.com\/product\/la-8x10-ab\/"]}]},{"@type":"ImageObject","inLanguage":"en-GB","@id":"https:\/\/woodymancamera.com\/product\/la-8x10-ab\/#primaryimage","url":"https:\/\/woodymancamera.com\/wp-content\/uploads\/2025\/06\/8x10-Ducky-3-quart-face.jpg","contentUrl":"https:\/\/woodymancamera.com\/wp-content\/uploads\/2025\/06\/8x10-Ducky-3-quart-face.jpg","width":1476,"height":1476},{"@type":"BreadcrumbList","@id":"https:\/\/woodymancamera.com\/product\/la-8x10-ab\/#breadcrumb","itemListElement":[{"@type":"ListItem","position":1,"name":"Accueil","item":"https:\/\/woodymancamera.com\/"},{"@type":"ListItem","position":2,"name":"WOODYSHop","item":"https:\/\/woodymancamera.com\/woodyshop\/"},{"@type":"ListItem","position":3,"name":"La 8&#215;10 AB"}]},{"@type":"WebSite","@id":"https:\/\/woodymancamera.com\/#website","url":"https:\/\/woodymancamera.com\/","name":"Woodyman Camera","description":"A site that sends wood \u30c5","publisher":{"@id":"https:\/\/woodymancamera.com\/#organization"},"potentialAction":[{"@type":"SearchAction","target":{"@type":"EntryPoint","urlTemplate":"https:\/\/woodymancamera.com\/?s={search_term_string}"},"query-input":{"@type":"PropertyValueSpecification","valueRequired":true,"valueName":"search_term_string"}}],"inLanguage":"en-GB"},{"@type":"Organization","@id":"https:\/\/woodymancamera.com\/#organization","name":"Woodyman Camera","url":"https:\/\/woodymancamera.com\/","logo":{"@type":"ImageObject","inLanguage":"en-GB","@id":"https:\/\/woodymancamera.com\/#\/schema\/logo\/image\/","url":"https:\/\/woodymancamera.com\/wp-content\/uploads\/2023\/02\/woodyman_logo3_Plan-de-travail-1.png","contentUrl":"https:\/\/woodymancamera.com\/wp-content\/uploads\/2023\/02\/woodyman_logo3_Plan-de-travail-1.png","width":2084,"height":1197,"caption":"Woodyman Camera"},"image":{"@id":"https:\/\/woodymancamera.com\/#\/schema\/logo\/image\/"},"sameAs":["https:\/\/www.facebook.com\/WoodymanProject\/","https:\/\/www.instagram.com\/woodymanproject\/"]}]}},"jetpack_sharing_enabled":true,"_links":{"self":[{"href":"https:\/\/woodymancamera.com\/en\/wp-json\/wp\/v2\/product\/9391","targetHints":{"allow":["GET"]}}],"collection":[{"href":"https:\/\/woodymancamera.com\/en\/wp-json\/wp\/v2\/product"}],"about":[{"href":"https:\/\/woodymancamera.com\/en\/wp-json\/wp\/v2\/types\/product"}],"replies":[{"embeddable":true,"href":"https:\/\/woodymancamera.com\/en\/wp-json\/wp\/v2\/comments?post=9391"}],"version-history":[{"count":2,"href":"https:\/\/woodymancamera.com\/en\/wp-json\/wp\/v2\/product\/9391\/revisions"}],"predecessor-version":[{"id":9405,"href":"https:\/\/woodymancamera.com\/en\/wp-json\/wp\/v2\/product\/9391\/revisions\/9405"}],"wp:featuredmedia":[{"embeddable":true,"href":"https:\/\/woodymancamera.com\/en\/wp-json\/wp\/v2\/media\/9388"}],"wp:attachment":[{"href":"https:\/\/woodymancamera.com\/en\/wp-json\/wp\/v2\/media?parent=9391"}],"wp:term":[{"taxonomy":"product_brand","embeddable":true,"href":"https:\/\/woodymancamera.com\/en\/wp-json\/wp\/v2\/product_brand?post=9391"},{"taxonomy":"product_cat","embeddable":true,"href":"https:\/\/woodymancamera.com\/en\/wp-json\/wp\/v2\/product_cat?post=9391"},{"taxonomy":"product_tag","embeddable":true,"href":"https:\/\/woodymancamera.com\/en\/wp-json\/wp\/v2\/product_tag?post=9391"}],"curies":[{"name":"wp","href":"https:\/\/api.w.org\/{rel}","templated":true}]}}