{"id":9305,"date":"2024-04-09T14:27:12","date_gmt":"2024-04-09T13:27:12","guid":{"rendered":"https:\/\/woodymancamera.com\/?post_type=product&#038;p=9305"},"modified":"2025-06-18T09:51:19","modified_gmt":"2025-06-18T08:51:19","slug":"la-4x5_2","status":"publish","type":"product","link":"https:\/\/woodymancamera.com\/en\/product\/la-4x5_2\/","title":{"rendered":"The 4\u00d75"},"content":{"rendered":"<p>Minimum extension: 60 mm<br \/>\nMaximum extension: 355 mm<br \/>\nRecommended focal length range: from 90 to 250 mm<br \/>\nDimensions of the closed box:<br \/>\n\u00b7 Length: 200mm<br \/>\n\u00b7 Width: 230 mm (with buttons)<br \/>\n\u00b7 Height: 130 mm<br \/>\nMaterials: Birch plywood, carbon fiber, anodized aluminum,<br \/>\nstainless steel screws, plastic buttons with stainless steel insert<br \/>\nWeight: 1.8 kg (with frosted glass and board)<br \/>\nFrosted: glass with acrylic Fresnel<br \/>\nLens board: 96\u00d799 mm (Linhof 4\u00d75)<br \/>\n\u00b7 Includes set of 3 Copal boards (0, 1 and 3)<br \/>\nTripod mount: one 3\/8 inch mounting hole + 1\/4 inch adapter<br \/>\nMovements:<br \/>\n\u00b7 front plane tilt: only limited by the bellows<br \/>\n\u00b7 front plane tilt: only limited by the bellows<br \/>\n\u00b7 front horizontal offset: -\/+ 40 mm<br \/>\n\u00b7 front vertical offset: -\/+ 40 mm<br \/>\n\u00b7 rear plane inclination: -\/+ 25\u00b0<br \/>\n\u00b7 rear plane tilt (asymmetric): -\/+ 10\u00b0<\/p>","protected":false},"excerpt":{"rendered":"<p>A light and very stable chamber.<br \/>\nYour best ally for your photo shoots.<br \/>\n<em>\/\/\/ Current lead times for manufacturing\/delivery 8\/10 weeks \/\/\/<\/em><\/p>","protected":false},"featured_media":9327,"comment_status":"open","ping_status":"closed","template":"","meta":[],"product_brand":[],"product_cat":[66],"product_tag":[],"class_list":{"0":"post-9305","1":"product","2":"type-product","3":"status-publish","4":"has-post-thumbnail","6":"product_cat-4x5format","7":"product_shipping_class-woodyman-camera-shipping","8":"nt-post-class","9":"","15":"first","16":"instock","17":"shipping-taxable","18":"purchasable","19":"product-type-variable","20":"has-default-attributes"},"yoast_head":"<!-- This site is optimized with the Yoast SEO plugin v27.4 - https:\/\/yoast.com\/product\/yoast-seo-wordpress\/ -->\n<title>La 4x5 - Woodyman Camera<\/title>\n<meta name=\"robots\" content=\"index, follow, max-snippet:-1, max-image-preview:large, max-video-preview:-1\" \/>\n<link rel=\"canonical\" href=\"https:\/\/woodymancamera.com\/en\/product\/la-4x5_2\/\" \/>\n<meta property=\"og:locale\" content=\"en_GB\" \/>\n<meta property=\"og:type\" content=\"article\" \/>\n<meta property=\"og:title\" content=\"La 4x5 - Woodyman Camera\" \/>\n<meta property=\"og:description\" content=\"Une chambre l\u00e9g\u00e8re et tr\u00e8s stable. Votre meilleur alli\u00e9 pour vos sorties photos. \/\/\/ D\u00e9lais actuels pour la fabrication\/livraison 8\/10 semaines \/\/\/\" \/>\n<meta property=\"og:url\" content=\"https:\/\/woodymancamera.com\/en\/product\/la-4x5_2\/\" \/>\n<meta property=\"og:site_name\" content=\"Woodyman Camera\" \/>\n<meta property=\"article:publisher\" content=\"https:\/\/www.facebook.com\/WoodymanProject\/\" \/>\n<meta property=\"article:modified_time\" content=\"2025-06-18T08:51:19+00:00\" \/>\n<meta property=\"og:image\" content=\"https:\/\/woodymancamera.com\/wp-content\/uploads\/2024\/06\/4x5-3-quart-face-2-bleu.jpg\" \/>\n\t<meta property=\"og:image:width\" content=\"1476\" \/>\n\t<meta property=\"og:image:height\" content=\"1476\" \/>\n\t<meta property=\"og:image:type\" content=\"image\/jpeg\" \/>\n<meta name=\"twitter:card\" content=\"summary_large_image\" \/>\n<meta name=\"twitter:label1\" content=\"Estimated reading time\" \/>\n\t<meta name=\"twitter:data1\" content=\"1 minute\" \/>\n<script type=\"application\/ld+json\" class=\"yoast-schema-graph\">{\"@context\":\"https:\\\/\\\/schema.org\",\"@graph\":[{\"@type\":\"WebPage\",\"@id\":\"https:\\\/\\\/woodymancamera.com\\\/product\\\/la-4x5_2\\\/\",\"url\":\"https:\\\/\\\/woodymancamera.com\\\/product\\\/la-4x5_2\\\/\",\"name\":\"La 4x5 - Woodyman Camera\",\"isPartOf\":{\"@id\":\"https:\\\/\\\/woodymancamera.com\\\/#website\"},\"primaryImageOfPage\":{\"@id\":\"https:\\\/\\\/woodymancamera.com\\\/product\\\/la-4x5_2\\\/#primaryimage\"},\"image\":{\"@id\":\"https:\\\/\\\/woodymancamera.com\\\/product\\\/la-4x5_2\\\/#primaryimage\"},\"thumbnailUrl\":\"https:\\\/\\\/woodymancamera.com\\\/wp-content\\\/uploads\\\/2024\\\/06\\\/4x5-3-quart-face-2-bleu.jpg\",\"datePublished\":\"2024-04-09T13:27:12+00:00\",\"dateModified\":\"2025-06-18T08:51:19+00:00\",\"breadcrumb\":{\"@id\":\"https:\\\/\\\/woodymancamera.com\\\/product\\\/la-4x5_2\\\/#breadcrumb\"},\"inLanguage\":\"en-GB\",\"potentialAction\":[{\"@type\":\"ReadAction\",\"target\":[\"https:\\\/\\\/woodymancamera.com\\\/product\\\/la-4x5_2\\\/\"]}]},{\"@type\":\"ImageObject\",\"inLanguage\":\"en-GB\",\"@id\":\"https:\\\/\\\/woodymancamera.com\\\/product\\\/la-4x5_2\\\/#primaryimage\",\"url\":\"https:\\\/\\\/woodymancamera.com\\\/wp-content\\\/uploads\\\/2024\\\/06\\\/4x5-3-quart-face-2-bleu.jpg\",\"contentUrl\":\"https:\\\/\\\/woodymancamera.com\\\/wp-content\\\/uploads\\\/2024\\\/06\\\/4x5-3-quart-face-2-bleu.jpg\",\"width\":1476,\"height\":1476},{\"@type\":\"BreadcrumbList\",\"@id\":\"https:\\\/\\\/woodymancamera.com\\\/product\\\/la-4x5_2\\\/#breadcrumb\",\"itemListElement\":[{\"@type\":\"ListItem\",\"position\":1,\"name\":\"Accueil\",\"item\":\"https:\\\/\\\/woodymancamera.com\\\/\"},{\"@type\":\"ListItem\",\"position\":2,\"name\":\"WOODYSHop\",\"item\":\"https:\\\/\\\/woodymancamera.com\\\/woodyshop\\\/\"},{\"@type\":\"ListItem\",\"position\":3,\"name\":\"La 4&#215;5\"}]},{\"@type\":\"WebSite\",\"@id\":\"https:\\\/\\\/woodymancamera.com\\\/#website\",\"url\":\"https:\\\/\\\/woodymancamera.com\\\/\",\"name\":\"Woodyman Camera\",\"description\":\"Un site qui envoie du bois \u30c5\",\"publisher\":{\"@id\":\"https:\\\/\\\/woodymancamera.com\\\/#organization\"},\"potentialAction\":[{\"@type\":\"SearchAction\",\"target\":{\"@type\":\"EntryPoint\",\"urlTemplate\":\"https:\\\/\\\/woodymancamera.com\\\/?s={search_term_string}\"},\"query-input\":{\"@type\":\"PropertyValueSpecification\",\"valueRequired\":true,\"valueName\":\"search_term_string\"}}],\"inLanguage\":\"en-GB\"},{\"@type\":\"Organization\",\"@id\":\"https:\\\/\\\/woodymancamera.com\\\/#organization\",\"name\":\"Woodyman Camera\",\"url\":\"https:\\\/\\\/woodymancamera.com\\\/\",\"logo\":{\"@type\":\"ImageObject\",\"inLanguage\":\"en-GB\",\"@id\":\"https:\\\/\\\/woodymancamera.com\\\/#\\\/schema\\\/logo\\\/image\\\/\",\"url\":\"https:\\\/\\\/woodymancamera.com\\\/wp-content\\\/uploads\\\/2023\\\/02\\\/woodyman_logo3_Plan-de-travail-1.png\",\"contentUrl\":\"https:\\\/\\\/woodymancamera.com\\\/wp-content\\\/uploads\\\/2023\\\/02\\\/woodyman_logo3_Plan-de-travail-1.png\",\"width\":2084,\"height\":1197,\"caption\":\"Woodyman Camera\"},\"image\":{\"@id\":\"https:\\\/\\\/woodymancamera.com\\\/#\\\/schema\\\/logo\\\/image\\\/\"},\"sameAs\":[\"https:\\\/\\\/www.facebook.com\\\/WoodymanProject\\\/\",\"https:\\\/\\\/www.instagram.com\\\/woodymanproject\\\/\"]}]}<\/script>\n<!-- \/ Yoast SEO plugin. -->","yoast_head_json":{"title":"The 4x5 - Woodyman Camera","robots":{"index":"index","follow":"follow","max-snippet":"max-snippet:-1","max-image-preview":"max-image-preview:large","max-video-preview":"max-video-preview:-1"},"canonical":"https:\/\/woodymancamera.com\/en\/product\/la-4x5_2\/","og_locale":"en_GB","og_type":"article","og_title":"La 4x5 - Woodyman Camera","og_description":"Une chambre l\u00e9g\u00e8re et tr\u00e8s stable. Votre meilleur alli\u00e9 pour vos sorties photos. \/\/\/ D\u00e9lais actuels pour la fabrication\/livraison 8\/10 semaines \/\/\/","og_url":"https:\/\/woodymancamera.com\/en\/product\/la-4x5_2\/","og_site_name":"Woodyman Camera","article_publisher":"https:\/\/www.facebook.com\/WoodymanProject\/","article_modified_time":"2025-06-18T08:51:19+00:00","og_image":[{"width":1476,"height":1476,"url":"https:\/\/woodymancamera.com\/wp-content\/uploads\/2024\/06\/4x5-3-quart-face-2-bleu.jpg","type":"image\/jpeg"}],"twitter_card":"summary_large_image","twitter_misc":{"Estimated reading time":"1 minute"},"schema":{"@context":"https:\/\/schema.org","@graph":[{"@type":"WebPage","@id":"https:\/\/woodymancamera.com\/product\/la-4x5_2\/","url":"https:\/\/woodymancamera.com\/product\/la-4x5_2\/","name":"The 4x5 - Woodyman Camera","isPartOf":{"@id":"https:\/\/woodymancamera.com\/#website"},"primaryImageOfPage":{"@id":"https:\/\/woodymancamera.com\/product\/la-4x5_2\/#primaryimage"},"image":{"@id":"https:\/\/woodymancamera.com\/product\/la-4x5_2\/#primaryimage"},"thumbnailUrl":"https:\/\/woodymancamera.com\/wp-content\/uploads\/2024\/06\/4x5-3-quart-face-2-bleu.jpg","datePublished":"2024-04-09T13:27:12+00:00","dateModified":"2025-06-18T08:51:19+00:00","breadcrumb":{"@id":"https:\/\/woodymancamera.com\/product\/la-4x5_2\/#breadcrumb"},"inLanguage":"en-GB","potentialAction":[{"@type":"ReadAction","target":["https:\/\/woodymancamera.com\/product\/la-4x5_2\/"]}]},{"@type":"ImageObject","inLanguage":"en-GB","@id":"https:\/\/woodymancamera.com\/product\/la-4x5_2\/#primaryimage","url":"https:\/\/woodymancamera.com\/wp-content\/uploads\/2024\/06\/4x5-3-quart-face-2-bleu.jpg","contentUrl":"https:\/\/woodymancamera.com\/wp-content\/uploads\/2024\/06\/4x5-3-quart-face-2-bleu.jpg","width":1476,"height":1476},{"@type":"BreadcrumbList","@id":"https:\/\/woodymancamera.com\/product\/la-4x5_2\/#breadcrumb","itemListElement":[{"@type":"ListItem","position":1,"name":"Accueil","item":"https:\/\/woodymancamera.com\/"},{"@type":"ListItem","position":2,"name":"WOODYSHop","item":"https:\/\/woodymancamera.com\/woodyshop\/"},{"@type":"ListItem","position":3,"name":"La 4&#215;5"}]},{"@type":"WebSite","@id":"https:\/\/woodymancamera.com\/#website","url":"https:\/\/woodymancamera.com\/","name":"Woodyman Camera","description":"A site that sends wood \u30c5","publisher":{"@id":"https:\/\/woodymancamera.com\/#organization"},"potentialAction":[{"@type":"SearchAction","target":{"@type":"EntryPoint","urlTemplate":"https:\/\/woodymancamera.com\/?s={search_term_string}"},"query-input":{"@type":"PropertyValueSpecification","valueRequired":true,"valueName":"search_term_string"}}],"inLanguage":"en-GB"},{"@type":"Organization","@id":"https:\/\/woodymancamera.com\/#organization","name":"Woodyman Camera","url":"https:\/\/woodymancamera.com\/","logo":{"@type":"ImageObject","inLanguage":"en-GB","@id":"https:\/\/woodymancamera.com\/#\/schema\/logo\/image\/","url":"https:\/\/woodymancamera.com\/wp-content\/uploads\/2023\/02\/woodyman_logo3_Plan-de-travail-1.png","contentUrl":"https:\/\/woodymancamera.com\/wp-content\/uploads\/2023\/02\/woodyman_logo3_Plan-de-travail-1.png","width":2084,"height":1197,"caption":"Woodyman Camera"},"image":{"@id":"https:\/\/woodymancamera.com\/#\/schema\/logo\/image\/"},"sameAs":["https:\/\/www.facebook.com\/WoodymanProject\/","https:\/\/www.instagram.com\/woodymanproject\/"]}]}},"jetpack_sharing_enabled":true,"_links":{"self":[{"href":"https:\/\/woodymancamera.com\/en\/wp-json\/wp\/v2\/product\/9305","targetHints":{"allow":["GET"]}}],"collection":[{"href":"https:\/\/woodymancamera.com\/en\/wp-json\/wp\/v2\/product"}],"about":[{"href":"https:\/\/woodymancamera.com\/en\/wp-json\/wp\/v2\/types\/product"}],"replies":[{"embeddable":true,"href":"https:\/\/woodymancamera.com\/en\/wp-json\/wp\/v2\/comments?post=9305"}],"version-history":[{"count":8,"href":"https:\/\/woodymancamera.com\/en\/wp-json\/wp\/v2\/product\/9305\/revisions"}],"predecessor-version":[{"id":9409,"href":"https:\/\/woodymancamera.com\/en\/wp-json\/wp\/v2\/product\/9305\/revisions\/9409"}],"wp:featuredmedia":[{"embeddable":true,"href":"https:\/\/woodymancamera.com\/en\/wp-json\/wp\/v2\/media\/9327"}],"wp:attachment":[{"href":"https:\/\/woodymancamera.com\/en\/wp-json\/wp\/v2\/media?parent=9305"}],"wp:term":[{"taxonomy":"product_brand","embeddable":true,"href":"https:\/\/woodymancamera.com\/en\/wp-json\/wp\/v2\/product_brand?post=9305"},{"taxonomy":"product_cat","embeddable":true,"href":"https:\/\/woodymancamera.com\/en\/wp-json\/wp\/v2\/product_cat?post=9305"},{"taxonomy":"product_tag","embeddable":true,"href":"https:\/\/woodymancamera.com\/en\/wp-json\/wp\/v2\/product_tag?post=9305"}],"curies":[{"name":"wp","href":"https:\/\/api.w.org\/{rel}","templated":true}]}}