{"id":6094,"date":"2021-12-26T11:05:19","date_gmt":"2021-12-26T11:05:19","guid":{"rendered":"https:\/\/ninetheme.com\/themes\/styler\/fashion\/?page_id=11"},"modified":"2023-05-18T15:22:05","modified_gmt":"2023-05-18T14:22:05","slug":"cgv","status":"publish","type":"page","link":"https:\/\/woodymancamera.com\/en\/cgu\/cgv\/","title":{"rendered":"Terms of Sales"},"content":{"rendered":"<p><strong>General conditions of sale of the site woodymancamera.com<\/strong><\/p>\n\n\n\n<p><strong>Applicable from January 1, 2023.<\/strong><\/p>\n\n\n\n<p><strong>Clause no. 1: Purpose and scope<\/strong><br>These general conditions of sale (GTC) constitute the basis of the commercial negotiation<br>and are systematically sent or given to each buyer to enable him to place an order. The general conditions of sale described below detail the rights and obligations of the company Woodyman Camera and its customer in connection with the sale of the following goods:<br>Photographic chambers: (La 4\u00d75, La 5\u00d77, La 8\u00d710 and all Woodyman Camera accessories).<br><br>Any acceptance of the estimate\/purchase order, including the clause \u201cI acknowledge having read and I accept the general conditions of sale attached hereto\u201d implies the buyer&#039;s unreserved acceptance of these general conditions of sale.<br><br><strong>Clause 2: Price<\/strong><br>The prices of the goods sold are those in effect on the day the order is taken.<br>They are denominated in euros and calculated excluding taxes.<br>The prices are displayed excluding tax (HT) and are equivalent to the price including all taxes (TTC),<br>consequently, value added tax (VAT) is not deductible.<br>Woodyman Camera grants itself the right to modify its prices at any time. However, she undertakes<br>to invoice the goods ordered at the prices indicated during the registration of the order.<br><br><strong>Clause 3: Discounts and rebates<\/strong><br>The proposed prices include the discounts and rebates that Woodyman Camera would have to grant taking into account its results or the assumption by the purchaser of certain services.<br><br><strong>Clause 4: Discount<\/strong><br>No discount will be granted in the event of early payment.<br><br><strong>Clause no. 5: Methods of payment<\/strong><br>The payment of orders is made:<br>\u2022 either by cheque;<br>\u2022 either by bank transfer;<br>\u2022 where applicable, indicate the other means of payment accepted.<br>Payments will be made under the following conditions:<br>\u2022 Cash payment when ordering.&nbsp;<\/p>\n\n\n\n<p><strong>Clause no. 6: Late payment<\/strong><br>In the event of total or partial non-payment of the goods delivered on the due date, the buyer<br>must pay Woodyman Camera a late payment penalty equal to three times the legal interest rate.<br>The rate of legal interest retained is that in force on the day of delivery of the goods.<br>From January 1, 2015, the legal interest rate will be revised every 6 months<br>(Order no. 2014-947 of August 20, 2014).<\/p>\n\n\n\n<p>This penalty is calculated on the amount including tax of the sum remaining due, and runs from<br>of the expiry date of the price without any prior formal notice being necessary.<br>In addition to the late payment compensation, any sum, including the deposit, not paid on its due date will automatically produce the payment of a lump sum compensation of 40 euros due for the costs<br>recovery. Articles 441-10 and D. 441-5 of the Commercial Code.<br><br><strong>Clause no. 7: Cancellation clause<\/strong><br>If within fifteen days following the implementation of the \u201cLate payment\u201d clause,<br>the buyer has not paid the sums remaining due, the sale will be automatically canceled<br>and may be entitled to the allocation of damages for the benefit of Woodyman Camera.<br><br><strong>Clause no. 8: Retention of title clause<\/strong><br>Woodyman Camera retains ownership of the goods sold until full payment of the price,<br>principal and incidental. As such, if the buyer is subject to receivership or judicial liquidation, Woodyman Camera reserves the right to claim, within the framework of the collective procedure, the goods sold and remained unpaid.<br><br><strong>Clause 9: Delivery<\/strong><br>Delivery is made:<br>\u2022 either by direct delivery of the goods to the buyer;<br>\u2022 or by depositing the goods at the place indicated by the buyer on the order form.<\/p>\n\n\n\n<p>The delivery time indicated when registering the order is given for information only.<br>and is not guaranteed. Woodyman Camera is committed to doing its best to meet its deadlines.<\/p>\n\n\n\n<p>Consequently, any reasonable delay in the delivery of the products<br>cannot give rise to the benefit of the buyer to:<br>\u2022 the award of damages;<br>\u2022 cancellation of the order.<\/p>\n\n\n\n<p>The parcels are all shipped with insurance, however the risk of transport is borne<br>entirely by the buyer.<\/p>\n\n\n\n<p>In the event of missing or damaged goods during transport, the buyer must formulate all<br>the necessary reservations on the order form upon receipt of the said goods.<br>These reservations must also be confirmed in writing within five days of delivery,<br>by registered mail AR addressed to the company.<br><br><strong>Clause 10: Warranty<\/strong><br>All products sold by Woodyman Camera have a legal warranty of one year from the date of purchase. In the event that a product is damaged prematurely (and not accidentally)<br>within this period, Woodyman Camera undertakes to replace or repair the defective part(s).<br>Return shipping costs are the responsibility of the customer.<br><br><strong>Clause n\u00b0 11: Force majeure<\/strong><br>The responsibility of Woodyman Camera cannot be implemented if the non-execution<br>or the delay in the performance of one of its obligations described in these general conditions of sale results from a case of force majeure. As such, force majeure means any external, unforeseeable and irresistible event within the meaning of article 1148 of the Civil Code.<br><br><strong>Clause n\u00b0 12: Competent court<\/strong><\/p>\n\n\n\n<p>Any dispute relating to the interpretation and execution of these general conditions of sale<br>is subject to French law. Failing amicable resolution, the dispute will be brought before<br>the Commercial Court of Marseilles.<br>&nbsp;<br>Done in Marseille, May 1, 2023<\/p>","protected":false},"excerpt":{"rendered":"<p>General conditions of sale of the site woodymancamera.com Applicable from January 1, 2023. Clause n\u00b0 1: Subject and scope of application These general conditions of sale (CGV) constitute the basis of the commercial negotiation and are systematically addressed or given to each buyer to enable him to place an order. The general conditions of sale described\u2026<\/p>","protected":false},"author":1,"featured_media":0,"parent":6080,"menu_order":0,"comment_status":"closed","ping_status":"closed","template":"","meta":{"footnotes":""},"class_list":{"0":"post-6094","1":"page","2":"type-page","3":"status-publish","4":"hentry","5":"nt-post-class","6":"","7":"thumb-none","9":"excerpt-none"},"yoast_head":"<!-- This site is optimized with the Yoast SEO plugin v27.4 - https:\/\/yoast.com\/product\/yoast-seo-wordpress\/ -->\n<title>Conditions G\u00e9n\u00e9rales de Vente - Woodyman Camera<\/title>\n<meta name=\"robots\" content=\"index, follow, max-snippet:-1, max-image-preview:large, max-video-preview:-1\" \/>\n<link rel=\"canonical\" href=\"https:\/\/woodymancamera.com\/en\/cgu\/cgv\/\" \/>\n<meta property=\"og:locale\" content=\"en_GB\" \/>\n<meta property=\"og:type\" content=\"article\" \/>\n<meta property=\"og:title\" content=\"Conditions G\u00e9n\u00e9rales de Vente - Woodyman Camera\" \/>\n<meta property=\"og:description\" content=\"Conditions g\u00e9n\u00e9rales de vente du site woodymancamera.com Applicables \u00e0 compter du 1er Janvier 2023. Clause n\u00b0 1 : Objet et champ d&#8217;applicationLes pr\u00e9sentes conditions g\u00e9n\u00e9rales de vente (CGV) constituent le socle de la n\u00e9gociation commercialeet sont syst\u00e9matiquement adress\u00e9es ou remises \u00e0 chaque acheteur pour lui permettre de passer commande. Les conditions g\u00e9n\u00e9rales de vente d\u00e9crites...\" \/>\n<meta property=\"og:url\" content=\"https:\/\/woodymancamera.com\/en\/cgu\/cgv\/\" \/>\n<meta property=\"og:site_name\" content=\"Woodyman Camera\" \/>\n<meta property=\"article:publisher\" content=\"https:\/\/www.facebook.com\/WoodymanProject\/\" \/>\n<meta property=\"article:modified_time\" content=\"2023-05-18T14:22:05+00:00\" \/>\n<meta name=\"twitter:card\" content=\"summary_large_image\" \/>\n<meta name=\"twitter:label1\" content=\"Estimated reading time\" \/>\n\t<meta name=\"twitter:data1\" content=\"5 minutes\" \/>\n<script type=\"application\/ld+json\" class=\"yoast-schema-graph\">{\"@context\":\"https:\\\/\\\/schema.org\",\"@graph\":[{\"@type\":\"WebPage\",\"@id\":\"https:\\\/\\\/woodymancamera.com\\\/cgu\\\/cgv\\\/\",\"url\":\"https:\\\/\\\/woodymancamera.com\\\/cgu\\\/cgv\\\/\",\"name\":\"Conditions G\u00e9n\u00e9rales de Vente - Woodyman Camera\",\"isPartOf\":{\"@id\":\"https:\\\/\\\/woodymancamera.com\\\/#website\"},\"datePublished\":\"2021-12-26T11:05:19+00:00\",\"dateModified\":\"2023-05-18T14:22:05+00:00\",\"breadcrumb\":{\"@id\":\"https:\\\/\\\/woodymancamera.com\\\/cgu\\\/cgv\\\/#breadcrumb\"},\"inLanguage\":\"en-GB\",\"potentialAction\":[{\"@type\":\"ReadAction\",\"target\":[\"https:\\\/\\\/woodymancamera.com\\\/cgu\\\/cgv\\\/\"]}]},{\"@type\":\"BreadcrumbList\",\"@id\":\"https:\\\/\\\/woodymancamera.com\\\/cgu\\\/cgv\\\/#breadcrumb\",\"itemListElement\":[{\"@type\":\"ListItem\",\"position\":1,\"name\":\"Accueil\",\"item\":\"https:\\\/\\\/woodymancamera.com\\\/\"},{\"@type\":\"ListItem\",\"position\":2,\"name\":\"Conditions G\u00e9n\u00e9rales d&#8217;Utilisation\",\"item\":\"https:\\\/\\\/woodymancamera.com\\\/cgu\\\/\"},{\"@type\":\"ListItem\",\"position\":3,\"name\":\"Conditions G\u00e9n\u00e9rales de Vente\"}]},{\"@type\":\"WebSite\",\"@id\":\"https:\\\/\\\/woodymancamera.com\\\/#website\",\"url\":\"https:\\\/\\\/woodymancamera.com\\\/\",\"name\":\"Woodyman Camera\",\"description\":\"Un site qui envoie du bois \u30c5\",\"publisher\":{\"@id\":\"https:\\\/\\\/woodymancamera.com\\\/#organization\"},\"potentialAction\":[{\"@type\":\"SearchAction\",\"target\":{\"@type\":\"EntryPoint\",\"urlTemplate\":\"https:\\\/\\\/woodymancamera.com\\\/?s={search_term_string}\"},\"query-input\":{\"@type\":\"PropertyValueSpecification\",\"valueRequired\":true,\"valueName\":\"search_term_string\"}}],\"inLanguage\":\"en-GB\"},{\"@type\":\"Organization\",\"@id\":\"https:\\\/\\\/woodymancamera.com\\\/#organization\",\"name\":\"Woodyman Camera\",\"url\":\"https:\\\/\\\/woodymancamera.com\\\/\",\"logo\":{\"@type\":\"ImageObject\",\"inLanguage\":\"en-GB\",\"@id\":\"https:\\\/\\\/woodymancamera.com\\\/#\\\/schema\\\/logo\\\/image\\\/\",\"url\":\"https:\\\/\\\/woodymancamera.com\\\/wp-content\\\/uploads\\\/2023\\\/02\\\/woodyman_logo3_Plan-de-travail-1.png\",\"contentUrl\":\"https:\\\/\\\/woodymancamera.com\\\/wp-content\\\/uploads\\\/2023\\\/02\\\/woodyman_logo3_Plan-de-travail-1.png\",\"width\":2084,\"height\":1197,\"caption\":\"Woodyman Camera\"},\"image\":{\"@id\":\"https:\\\/\\\/woodymancamera.com\\\/#\\\/schema\\\/logo\\\/image\\\/\"},\"sameAs\":[\"https:\\\/\\\/www.facebook.com\\\/WoodymanProject\\\/\",\"https:\\\/\\\/www.instagram.com\\\/woodymanproject\\\/\"]}]}<\/script>\n<!-- \/ Yoast SEO plugin. -->","yoast_head_json":{"title":"General Conditions of Sale - Woodyman Camera","robots":{"index":"index","follow":"follow","max-snippet":"max-snippet:-1","max-image-preview":"max-image-preview:large","max-video-preview":"max-video-preview:-1"},"canonical":"https:\/\/woodymancamera.com\/en\/cgu\/cgv\/","og_locale":"en_GB","og_type":"article","og_title":"Conditions G\u00e9n\u00e9rales de Vente - Woodyman Camera","og_description":"Conditions g\u00e9n\u00e9rales de vente du site woodymancamera.com Applicables \u00e0 compter du 1er Janvier 2023. Clause n\u00b0 1 : Objet et champ d&#8217;applicationLes pr\u00e9sentes conditions g\u00e9n\u00e9rales de vente (CGV) constituent le socle de la n\u00e9gociation commercialeet sont syst\u00e9matiquement adress\u00e9es ou remises \u00e0 chaque acheteur pour lui permettre de passer commande. Les conditions g\u00e9n\u00e9rales de vente d\u00e9crites...","og_url":"https:\/\/woodymancamera.com\/en\/cgu\/cgv\/","og_site_name":"Woodyman Camera","article_publisher":"https:\/\/www.facebook.com\/WoodymanProject\/","article_modified_time":"2023-05-18T14:22:05+00:00","twitter_card":"summary_large_image","twitter_misc":{"Estimated reading time":"5 minutes"},"schema":{"@context":"https:\/\/schema.org","@graph":[{"@type":"WebPage","@id":"https:\/\/woodymancamera.com\/cgu\/cgv\/","url":"https:\/\/woodymancamera.com\/cgu\/cgv\/","name":"General Conditions of Sale - Woodyman Camera","isPartOf":{"@id":"https:\/\/woodymancamera.com\/#website"},"datePublished":"2021-12-26T11:05:19+00:00","dateModified":"2023-05-18T14:22:05+00:00","breadcrumb":{"@id":"https:\/\/woodymancamera.com\/cgu\/cgv\/#breadcrumb"},"inLanguage":"en-GB","potentialAction":[{"@type":"ReadAction","target":["https:\/\/woodymancamera.com\/cgu\/cgv\/"]}]},{"@type":"BreadcrumbList","@id":"https:\/\/woodymancamera.com\/cgu\/cgv\/#breadcrumb","itemListElement":[{"@type":"ListItem","position":1,"name":"Accueil","item":"https:\/\/woodymancamera.com\/"},{"@type":"ListItem","position":2,"name":"Conditions G\u00e9n\u00e9rales d&#8217;Utilisation","item":"https:\/\/woodymancamera.com\/cgu\/"},{"@type":"ListItem","position":3,"name":"Conditions G\u00e9n\u00e9rales de Vente"}]},{"@type":"WebSite","@id":"https:\/\/woodymancamera.com\/#website","url":"https:\/\/woodymancamera.com\/","name":"Woodyman Camera","description":"A site that sends wood \u30c5","publisher":{"@id":"https:\/\/woodymancamera.com\/#organization"},"potentialAction":[{"@type":"SearchAction","target":{"@type":"EntryPoint","urlTemplate":"https:\/\/woodymancamera.com\/?s={search_term_string}"},"query-input":{"@type":"PropertyValueSpecification","valueRequired":true,"valueName":"search_term_string"}}],"inLanguage":"en-GB"},{"@type":"Organization","@id":"https:\/\/woodymancamera.com\/#organization","name":"Woodyman Camera","url":"https:\/\/woodymancamera.com\/","logo":{"@type":"ImageObject","inLanguage":"en-GB","@id":"https:\/\/woodymancamera.com\/#\/schema\/logo\/image\/","url":"https:\/\/woodymancamera.com\/wp-content\/uploads\/2023\/02\/woodyman_logo3_Plan-de-travail-1.png","contentUrl":"https:\/\/woodymancamera.com\/wp-content\/uploads\/2023\/02\/woodyman_logo3_Plan-de-travail-1.png","width":2084,"height":1197,"caption":"Woodyman Camera"},"image":{"@id":"https:\/\/woodymancamera.com\/#\/schema\/logo\/image\/"},"sameAs":["https:\/\/www.facebook.com\/WoodymanProject\/","https:\/\/www.instagram.com\/woodymanproject\/"]}]}},"jetpack_sharing_enabled":true,"_links":{"self":[{"href":"https:\/\/woodymancamera.com\/en\/wp-json\/wp\/v2\/pages\/6094","targetHints":{"allow":["GET"]}}],"collection":[{"href":"https:\/\/woodymancamera.com\/en\/wp-json\/wp\/v2\/pages"}],"about":[{"href":"https:\/\/woodymancamera.com\/en\/wp-json\/wp\/v2\/types\/page"}],"author":[{"embeddable":true,"href":"https:\/\/woodymancamera.com\/en\/wp-json\/wp\/v2\/users\/1"}],"replies":[{"embeddable":true,"href":"https:\/\/woodymancamera.com\/en\/wp-json\/wp\/v2\/comments?post=6094"}],"version-history":[{"count":3,"href":"https:\/\/woodymancamera.com\/en\/wp-json\/wp\/v2\/pages\/6094\/revisions"}],"predecessor-version":[{"id":9112,"href":"https:\/\/woodymancamera.com\/en\/wp-json\/wp\/v2\/pages\/6094\/revisions\/9112"}],"up":[{"embeddable":true,"href":"https:\/\/woodymancamera.com\/en\/wp-json\/wp\/v2\/pages\/6080"}],"wp:attachment":[{"href":"https:\/\/woodymancamera.com\/en\/wp-json\/wp\/v2\/media?parent=6094"}],"curies":[{"name":"wp","href":"https:\/\/api.w.org\/{rel}","templated":true}]}}