{"id":6080,"date":"2021-09-09T14:39:14","date_gmt":"2021-09-09T14:39:14","guid":{"rendered":"https:\/\/ninetheme.com\/themes\/styler\/fashion\/\/?page_id=3"},"modified":"2023-05-18T16:57:14","modified_gmt":"2023-05-18T15:57:14","slug":"cgu","status":"publish","type":"page","link":"https:\/\/woodymancamera.com\/en\/cgu\/","title":{"rendered":"Terms of Service"},"content":{"rendered":"\n<p>Conditions g\u00e9n\u00e9rales d&#8217;utilisation du site woodymancamera.com<\/p>\n\n\n\n<p><strong>Article 1 : Objet<\/strong><br>Les pr\u00e9sentes \u00ab conditions g\u00e9n\u00e9rales d&#8217;utilisation \u00bb ont pour objet l&#8217;encadrement juridique<br>des modalit\u00e9s de mise \u00e0 disposition des informations et services du site woodymancamera.com<br>et de son client dans le cadre de la vente des marchandises mise en vente par le biais de la boutique en ligne, ainsi que leur utilisation par \u00ab l&#8217;Utilisateur \u00bb.<br>Les conditions g\u00e9n\u00e9rales d&#8217;utilisation doivent \u00eatre accept\u00e9es par tout \u00ab\u00a0Utilisateur\u00a0\u00bbsouhaitant acc\u00e9der au site. Elles constituent le contrat entre le dit site et l&#8217;Utilisateur.L\u2019acc\u00e8s au site par l\u2019Utilisateur signifie son acceptation des pr\u00e9sentes conditions g\u00e9n\u00e9rales d\u2019utilisation.<br>Toute(s) prestation(s) accomplie(s) par l\u2019entit\u00e9 Woodyman Camera et\/ou autres services propos\u00e9s<br>par woodymancamera.com implique donc l&#8217;adh\u00e9sion sans r\u00e9serve de l&#8217;acheteur et\/ou \u00ab\u00a0Utilisateur\u00a0\u00bb aux pr\u00e9sentes conditions g\u00e9n\u00e9rales de d\u2019utilisation.<br>\u00c9ventuellement :<br>En cas de non-acceptation des conditions g\u00e9n\u00e9rales d&#8217;utilisation stipul\u00e9es dans le pr\u00e9sent contrat, \u00ab\u00a0l&#8217;Utilisateur\u00a0\u00bb se doit de renoncer \u00e0 l&#8217;acc\u00e8s des services propos\u00e9s par le site.<br>Woodymancamera.com se r\u00e9serve le droit de modifier unilat\u00e9ralement et \u00e0 tout moment le contenudes pr\u00e9sentes conditions g\u00e9n\u00e9rales d&#8217;utilisation.<br><br><strong>Article 2 : Mentions l\u00e9gales<\/strong><br>L&#8217;\u00e9dition, la maintenance, ainsi que l\u2019h\u00e9bergement du site woodymancamera.com sont assur\u00e9s<br>par M. B\u00e9rard Alix, SIRET 51418158500019, dont le si\u00e8ge social est situ\u00e9 \u00e0 Eaubonne (Val d&#8217;Oise).<br>Woodyman Camera est une entit\u00e9 est une entit\u00e9 fran\u00e7aise sp\u00e9cialis\u00e9e dans la ventede chambres photographiques (appareils photos) grand format en bois, fond\u00e9e et g\u00e9r\u00e9epar Alix B\u00e9rard,<br>SIRET 51418158500019, dont le si\u00e8ge social est situ\u00e9 \u00e0 Eaubonne (Val d&#8217;Oise).<br><br><strong>Article 3 : D\u00e9finitions<\/strong><br>La pr\u00e9sente clause a pour objet de d\u00e9finir les diff\u00e9rents termes essentiels du contrat :<br>\u2022 Utilisateur : ce terme d\u00e9signe toute personne qui utilise le site ou l&#8217;un des services propos\u00e9s<br>par le site.<br>\u2022 Contenu utilisateur : ce sont les donn\u00e9es transmises par l&#8217;Utilisateur au sein du site.<br>\u2022 Membre : l&#8217;Utilisateur devient membre lorsqu&#8217;il est identifi\u00e9 sur le site.<br>\u2022 Identifiant et mot de passe : c&#8217;est l&#8217;ensemble des informations n\u00e9cessaires \u00e0 l&#8217;identification<br>d&#8217;un Utilisateur sur le site. L&#8217;identifiant et le mot de passe permettent \u00e0 l&#8217;Utilisateur d&#8217;acc\u00e9der<br>\u00e0 des services r\u00e9serv\u00e9s aux membres du site. Le mot de passe est confidentiel.<br><br><strong>Article 4 : acc\u00e8s aux services<\/strong><br>Le site permet \u00e0 \u00ab\u00a0l&#8217;Utilisateur\u00a0\u00bb un acc\u00e8s gratuit aux services suivants :<br>\u2022 [articles d\u2019information] ;<br>\u2022 [annonces class\u00e9es] ;<br>\u2022 [mise en relation de personnes] ;<br>\u2022 [publication de commentaires \/ d\u2019\u0153uvres personnelles] ;<br>\u2022 [\u2026].<br>Le site est accessible gratuitement en tout lieu \u00e0 tout \u00ab\u00a0Utilisateur\u00a0\u00bb ayant un acc\u00e8s \u00e0 Internet.<br>Tous les frais support\u00e9s par \u00ab\u00a0l&#8217;Utilisateur\u00a0\u00bb pour acc\u00e9der au service (mat\u00e9riel informatique, logiciels, connexion Internet, etc.) sont \u00e0 sa charge.<br><br>Selon le cas :<br>\u2022 \u00ab\u00a0L&#8217;Utilisateur\u00a0\u00bb non membre n&#8217;a pas acc\u00e8s aux services r\u00e9serv\u00e9s aux membres.<br>Pour cela, il doit s&#8217;identifier \u00e0 l&#8217;aide de son identifiant et de son mot de passe.<br>\u2022 Le site met en \u0153uvre tous les moyens mis \u00e0 sa disposition pour assurer un acc\u00e8s de qualit\u00e9<br>\u00e0 ses services. L&#8217;obligation \u00e9tant de moyens, le site ne s&#8217;engage pas \u00e0 atteindre ce r\u00e9sultat.<br>\u2022 Tout \u00e9v\u00e9nement d\u00fb \u00e0 un cas de force majeur ayant pour cons\u00e9quence un dysfonctionnement<br>du r\u00e9seau ou du serveur n&#8217;engage pas la responsabilit\u00e9 du site woodymancamera.com.<br>\u2022 L&#8217;acc\u00e8s aux services du site peut \u00e0 tout moment faire l&#8217;objet d&#8217;une interruption, d&#8217;une suspension, d&#8217;une modification sans pr\u00e9avis pour une maintenance ou pour tout autre cas.<br>L&#8217;Utilisateur s&#8217;oblige \u00e0 ne r\u00e9clamer aucune indemnisation suite \u00e0 l&#8217;interruption,<br>\u00e0 la suspension ou \u00e0 la modification du pr\u00e9sent contrat.<br>L&#8217;Utilisateur a la possibilit\u00e9 de contacter le site par messagerie \u00e9lectronique \u00e0 l\u2019adresse\u00a0: <strong>contact@woodymancamera.com<\/strong><br><br><strong>Article 5 : Propri\u00e9t\u00e9 intellectuelle<\/strong><br>Les marques, logos, signes et tout autre contenu du site font l&#8217;objet d&#8217;une protection<br>par le Code de la propri\u00e9t\u00e9 intellectuelle et plus particuli\u00e8rement par le droit d&#8217;auteur.<\/p>\n\n\n\n<p>\u00ab\u00a0L&#8217;Utilisateur\u00a0\u00bb sollicite l&#8217;autorisation pr\u00e9alable du site pour toute reproduction, publication,<br>copie des diff\u00e9rents contenus. \u00ab\u00a0L&#8217;Utilisateur\u00a0\u00bb s&#8217;engage \u00e0 une utilisation des contenus<br>du site dans un cadre strictement priv\u00e9.Une utilisation des contenus \u00e0 des fins commerciales<br>est strictement interdite. Tout contenu mis en ligne par \u00ab l&#8217;Utilisateur\u00a0\u00bb est de sa seule responsabilit\u00e9.<br>\u00ab\u00a0L&#8217;Utilisateur\u00a0\u00bb s&#8217;engage \u00e0 ne pas mettre en ligne de contenus pouvant porter atteinte aux int\u00e9r\u00eats<br>de tierces personnes. Tout recours en justice engag\u00e9 par un tiers l\u00e9s\u00e9 contre le site sera pris en charge par \u00ab l&#8217;Utilisateur\u00a0\u00bb. Le contenu de \u00ab l&#8217;Utilisateur\u00a0 peut \u00eatre \u00e0 tout moment et pour n&#8217;importe quelle raison supprim\u00e9ou modifi\u00e9 par le site. L&#8217;Utilisateur ne re\u00e7oit aucune justification et notification pr\u00e9alablement\u00e0 la suppression ou \u00e0 la modification du contenu \u00ab Utilisateur\u00a0\u00bb.<\/p>\n\n\n\n<p><em>\u00c0 titre infirmatif, et dans le cadre des CGU, tous dessins et mod\u00e8les sont \u00e9t\u00e9 d\u00e9pos\u00e9s aupr\u00e8s de l\u2019INPI.<\/em><br><br><strong>Article 6 : Donn\u00e9es personnelles<\/strong><br>Les informations demand\u00e9es \u00e0 l\u2019inscription au site sont n\u00e9cessaires et obligatoires<br>pour la cr\u00e9ation du compte de \u00ab l&#8217;Utilisateur\u00a0\u00bb. En particulier, l&#8217;adresse \u00e9lectronique pourra \u00eatre utilis\u00e9e par le sitepour l&#8217;administration, la gestion et l&#8217;animation du service.<\/p>\n\n\n\n<p>Le site assure \u00e0 \u00ab l&#8217;Utilisateur\u00a0\u00bb une collecte et un traitement d&#8217;informations personnelles dans <br>le respect de la vie priv\u00e9e conform\u00e9ment \u00e0 la loi n\u00b078-17 du 6 janvier 1978 relative \u00e0 l&#8217;informatique,<br>aux fichiers et aux libert\u00e9s. Dans un but de simplification, la d\u00e9claration des sites web<br>a \u00e9t\u00e9 supprim\u00e9e par la CNIL.<\/p>\n\n\n\n<p>En vertu des articles 39 et 40 de la loi en date du 6 janvier 1978, l&#8217;Utilisateur dispose<br>d&#8217;un droit d&#8217;acc\u00e8s, de rectification, de suppression et d&#8217;opposition de ses donn\u00e9es personnelles.<br>L&#8217;Utilisateur exerce ce droit via :<br>\u2022 son espace personnel ;<br>\u2022 un formulaire de contact ;<br>\u2022 par mail \u00e0 contact@woodymancamera.com ;<br>\u2022 par voie postale au 99 route de Saint-Leu \u00e0 Eaubonne (95600)<br><br><strong>Article 7 : Responsabilit\u00e9 et force majeure<\/strong><br>Les sources des informations diffus\u00e9es sur le site sont r\u00e9put\u00e9es fiables.<br>Toutefois, le site se r\u00e9serve la facult\u00e9 d&#8217;une non-garantie de la fiabilit\u00e9 des sources.<br>Les informations donn\u00e9es sur le site le sont \u00e0 titre purement informatif. Ainsi, \u00ab l&#8217;Utilisateur\u00a0\u00bb\u00a0<br>assume seul l&#8217;enti\u00e8re responsabilit\u00e9 de l&#8217;utilisation des informations et contenus du pr\u00e9sent site.<\/p>\n\n\n\n<p>\u00ab L&#8217;Utilisateur\u00a0\u00bb\u00a0s&#8217;assure de garder son mot de passe secret.Toute divulgation du mot de passe,<br>quelle que soit sa forme, est interdite. \u00ab L&#8217;Utilisateur\u00a0\u00bb\u00a0assume les risques li\u00e9s \u00e0 l&#8217;utilisation<br>de son identifiant et mot de passe.Le site d\u00e9cline toute responsabilit\u00e9. Tout usage du service<br>par \u00ab l&#8217;Utilisateur\u00a0\u00bb\u00a0 ayant directement ou indirectement pour cons\u00e9quence des dommages<br>doit faire l&#8217;objet d&#8217;une indemnisation au profit du site.<\/p>\n\n\n\n<p>Une garantie optimale de la s\u00e9curit\u00e9 et de la confidentialit\u00e9 des donn\u00e9es transmises n&#8217;est pas assur\u00e9e par le site. Toutefois, le site s&#8217;engage \u00e0 mettre en \u0153uvre tous les moyens n\u00e9cessaires afin de garantir au mieux la s\u00e9curit\u00e9 et la confidentialit\u00e9 des donn\u00e9es.<\/p>\n\n\n\n<p>La responsabilit\u00e9 du site woodymancamera.com ne peut \u00eatre engag\u00e9e en cas de force majeure<br>ou du fait impr\u00e9visible et insurmontable d&#8217;un tiers.<br><br><strong>Article 8 : Liens hypertextes<\/strong><br>De nombreux liens hypertextes sortants sont pr\u00e9sents sur le site, cependant les pages web<br>o\u00f9 m\u00e8nent ces liens n&#8217;engagent en rien la responsabilit\u00e9 de woodymancamera.com<br>qui n&#8217;a pas le contr\u00f4le de ces liens.<\/p>\n\n\n\n<p>L&#8217;Utilisateur s&#8217;interdit donc \u00e0 engager la responsabilit\u00e9 du site concernant le contenu<br>et les ressources relatives \u00e0 ces liens hypertextes sortants.<br><br><strong>Article 9 : \u00c9volution du contrat<\/strong><br>Le site se r\u00e9serve \u00e0 tout moment le droit de modifier les clauses stipul\u00e9es dans le pr\u00e9sent contrat.<br><br><strong>Article 10 : Dur\u00e9e<\/strong><br>La dur\u00e9e du pr\u00e9sent contrat est ind\u00e9termin\u00e9e. Le contrat produit ses effets \u00e0 l&#8217;\u00e9gard<br>de \u00ab\u00a0l&#8217;Utilisateur\u00a0\u00bb \u00e0 compter de l&#8217;utilisation du service.<br><br><strong>Article 11 : Droit applicable et juridiction comp\u00e9tente<\/strong><br>La l\u00e9gislation fran\u00e7aise s&#8217;applique au pr\u00e9sent contrat. En cas d&#8217;absence de r\u00e9solution amiable<br>d&#8217;un litige n\u00e9 entre les parties, seuls les tribunaux sont comp\u00e9tents.<br><br><strong>Article 12 : Publication par \u00ab\u00a0l\u2019Utilisateur\u00a0\u00bb<\/strong><br>Le site permet aux membres de publier [des commentaires \/ des \u0153uvres personnelles].<\/p>\n\n\n\n<p>Dans ses publications, le membre s\u2019engage \u00e0 respecter les r\u00e8gles de la N\u00e9tiquette et les r\u00e8gles<br>de droit en vigueur. Le site exerce une mod\u00e9ration [a priori \/ a posteriori] sur les publications<br>et se r\u00e9serve le droitde refuser leur mise en ligne, sans avoir \u00e0 s\u2019en justifier aupr\u00e8s du membre.<\/p>\n\n\n\n<p>Le membre reste titulaire de l\u2019int\u00e9gralit\u00e9 de ses droits de propri\u00e9t\u00e9 intellectuelle.<br>Mais en publiant une publication sur le site, il c\u00e8de \u00e0 la soci\u00e9t\u00e9 \u00e9ditrice le droit non exclusif et gratuit<br>de repr\u00e9senter, reproduire, adapter, modifier, diffuser et distribuer sa publication, directement<br>ou par un tiers autoris\u00e9, dans le monde entier, sur tout support (num\u00e9rique ou physique),<br>pour la dur\u00e9e de la propri\u00e9t\u00e9 intellectuelle. Le Membre c\u00e8de notamment le droit d&#8217;utiliser<br>sa publication sur internetet sur les r\u00e9seaux de t\u00e9l\u00e9phonie mobile.<\/p>\n\n\n\n<p>La soci\u00e9t\u00e9 \u00e9ditrice s&#8217;engage \u00e0 faire figurer le nom du membre \u00e0 proximit\u00e9 de chaque utilisation<br>de sa publication.<\/p>\n","protected":false},"excerpt":{"rendered":"<p>General conditions of use of the site woodymancamera.com Article 1: Purpose The purpose of these \u201cgeneral conditions of use\u201d is to provide a legal framework for the terms of provision of information and services from the site woodymancamera.com and its client within the framework of the sale of goods offered for sale through the online store,\u2026<\/p>","protected":false},"author":1,"featured_media":0,"parent":0,"menu_order":0,"comment_status":"closed","ping_status":"closed","template":"","meta":{"footnotes":""},"class_list":{"0":"post-6080","1":"page","2":"type-page","3":"status-publish","4":"hentry","5":"nt-post-class","6":"","7":"thumb-none","9":"excerpt-none"},"yoast_head":"<!-- This site is optimized with the Yoast SEO plugin v27.4 - https:\/\/yoast.com\/product\/yoast-seo-wordpress\/ -->\n<title>Conditions G\u00e9n\u00e9rales d&#039;Utilisation - Woodyman Camera<\/title>\n<meta name=\"robots\" content=\"index, follow, max-snippet:-1, max-image-preview:large, max-video-preview:-1\" \/>\n<link rel=\"canonical\" href=\"https:\/\/woodymancamera.com\/en\/cgu\/\" \/>\n<meta property=\"og:locale\" content=\"en_GB\" \/>\n<meta property=\"og:type\" content=\"article\" \/>\n<meta property=\"og:title\" content=\"Conditions G\u00e9n\u00e9rales d&#039;Utilisation - Woodyman Camera\" \/>\n<meta property=\"og:description\" content=\"Conditions g\u00e9n\u00e9rales d&#8217;utilisation du site woodymancamera.com Article 1 : ObjetLes pr\u00e9sentes \u00ab conditions g\u00e9n\u00e9rales d&#8217;utilisation \u00bb ont pour objet l&#8217;encadrement juridiquedes modalit\u00e9s de mise \u00e0 disposition des informations et services du site woodymancamera.comet de son client dans le cadre de la vente des marchandises mise en vente par le biais de la boutique en ligne,...\" \/>\n<meta property=\"og:url\" content=\"https:\/\/woodymancamera.com\/en\/cgu\/\" \/>\n<meta property=\"og:site_name\" content=\"Woodyman Camera\" \/>\n<meta property=\"article:publisher\" content=\"https:\/\/www.facebook.com\/WoodymanProject\/\" \/>\n<meta property=\"article:modified_time\" content=\"2023-05-18T15:57:14+00:00\" \/>\n<meta name=\"twitter:card\" content=\"summary_large_image\" \/>\n<meta name=\"twitter:label1\" content=\"Estimated reading time\" \/>\n\t<meta name=\"twitter:data1\" content=\"8 minutes\" \/>\n<script type=\"application\/ld+json\" class=\"yoast-schema-graph\">{\"@context\":\"https:\\\/\\\/schema.org\",\"@graph\":[{\"@type\":\"WebPage\",\"@id\":\"https:\\\/\\\/woodymancamera.com\\\/cgu\\\/\",\"url\":\"https:\\\/\\\/woodymancamera.com\\\/cgu\\\/\",\"name\":\"Conditions G\u00e9n\u00e9rales d'Utilisation - Woodyman Camera\",\"isPartOf\":{\"@id\":\"https:\\\/\\\/woodymancamera.com\\\/#website\"},\"datePublished\":\"2021-09-09T14:39:14+00:00\",\"dateModified\":\"2023-05-18T15:57:14+00:00\",\"breadcrumb\":{\"@id\":\"https:\\\/\\\/woodymancamera.com\\\/cgu\\\/#breadcrumb\"},\"inLanguage\":\"en-GB\",\"potentialAction\":[{\"@type\":\"ReadAction\",\"target\":[\"https:\\\/\\\/woodymancamera.com\\\/cgu\\\/\"]}]},{\"@type\":\"BreadcrumbList\",\"@id\":\"https:\\\/\\\/woodymancamera.com\\\/cgu\\\/#breadcrumb\",\"itemListElement\":[{\"@type\":\"ListItem\",\"position\":1,\"name\":\"Accueil\",\"item\":\"https:\\\/\\\/woodymancamera.com\\\/\"},{\"@type\":\"ListItem\",\"position\":2,\"name\":\"Conditions G\u00e9n\u00e9rales d&#8217;Utilisation\"}]},{\"@type\":\"WebSite\",\"@id\":\"https:\\\/\\\/woodymancamera.com\\\/#website\",\"url\":\"https:\\\/\\\/woodymancamera.com\\\/\",\"name\":\"Woodyman Camera\",\"description\":\"Un site qui envoie du bois \u30c5\",\"publisher\":{\"@id\":\"https:\\\/\\\/woodymancamera.com\\\/#organization\"},\"potentialAction\":[{\"@type\":\"SearchAction\",\"target\":{\"@type\":\"EntryPoint\",\"urlTemplate\":\"https:\\\/\\\/woodymancamera.com\\\/?s={search_term_string}\"},\"query-input\":{\"@type\":\"PropertyValueSpecification\",\"valueRequired\":true,\"valueName\":\"search_term_string\"}}],\"inLanguage\":\"en-GB\"},{\"@type\":\"Organization\",\"@id\":\"https:\\\/\\\/woodymancamera.com\\\/#organization\",\"name\":\"Woodyman Camera\",\"url\":\"https:\\\/\\\/woodymancamera.com\\\/\",\"logo\":{\"@type\":\"ImageObject\",\"inLanguage\":\"en-GB\",\"@id\":\"https:\\\/\\\/woodymancamera.com\\\/#\\\/schema\\\/logo\\\/image\\\/\",\"url\":\"https:\\\/\\\/woodymancamera.com\\\/wp-content\\\/uploads\\\/2023\\\/02\\\/woodyman_logo3_Plan-de-travail-1.png\",\"contentUrl\":\"https:\\\/\\\/woodymancamera.com\\\/wp-content\\\/uploads\\\/2023\\\/02\\\/woodyman_logo3_Plan-de-travail-1.png\",\"width\":2084,\"height\":1197,\"caption\":\"Woodyman Camera\"},\"image\":{\"@id\":\"https:\\\/\\\/woodymancamera.com\\\/#\\\/schema\\\/logo\\\/image\\\/\"},\"sameAs\":[\"https:\\\/\\\/www.facebook.com\\\/WoodymanProject\\\/\",\"https:\\\/\\\/www.instagram.com\\\/woodymanproject\\\/\"]}]}<\/script>\n<!-- \/ Yoast SEO plugin. -->","yoast_head_json":{"title":"Terms of Use - Woodyman Camera","robots":{"index":"index","follow":"follow","max-snippet":"max-snippet:-1","max-image-preview":"max-image-preview:large","max-video-preview":"max-video-preview:-1"},"canonical":"https:\/\/woodymancamera.com\/en\/cgu\/","og_locale":"en_GB","og_type":"article","og_title":"Conditions G\u00e9n\u00e9rales d'Utilisation - Woodyman Camera","og_description":"Conditions g\u00e9n\u00e9rales d&#8217;utilisation du site woodymancamera.com Article 1 : ObjetLes pr\u00e9sentes \u00ab conditions g\u00e9n\u00e9rales d&#8217;utilisation \u00bb ont pour objet l&#8217;encadrement juridiquedes modalit\u00e9s de mise \u00e0 disposition des informations et services du site woodymancamera.comet de son client dans le cadre de la vente des marchandises mise en vente par le biais de la boutique en ligne,...","og_url":"https:\/\/woodymancamera.com\/en\/cgu\/","og_site_name":"Woodyman Camera","article_publisher":"https:\/\/www.facebook.com\/WoodymanProject\/","article_modified_time":"2023-05-18T15:57:14+00:00","twitter_card":"summary_large_image","twitter_misc":{"Estimated reading time":"8 minutes"},"schema":{"@context":"https:\/\/schema.org","@graph":[{"@type":"WebPage","@id":"https:\/\/woodymancamera.com\/cgu\/","url":"https:\/\/woodymancamera.com\/cgu\/","name":"Terms of Use - Woodyman Camera","isPartOf":{"@id":"https:\/\/woodymancamera.com\/#website"},"datePublished":"2021-09-09T14:39:14+00:00","dateModified":"2023-05-18T15:57:14+00:00","breadcrumb":{"@id":"https:\/\/woodymancamera.com\/cgu\/#breadcrumb"},"inLanguage":"en-GB","potentialAction":[{"@type":"ReadAction","target":["https:\/\/woodymancamera.com\/cgu\/"]}]},{"@type":"BreadcrumbList","@id":"https:\/\/woodymancamera.com\/cgu\/#breadcrumb","itemListElement":[{"@type":"ListItem","position":1,"name":"Accueil","item":"https:\/\/woodymancamera.com\/"},{"@type":"ListItem","position":2,"name":"Conditions G\u00e9n\u00e9rales d&#8217;Utilisation"}]},{"@type":"WebSite","@id":"https:\/\/woodymancamera.com\/#website","url":"https:\/\/woodymancamera.com\/","name":"Woodyman Camera","description":"A site that sends wood \u30c5","publisher":{"@id":"https:\/\/woodymancamera.com\/#organization"},"potentialAction":[{"@type":"SearchAction","target":{"@type":"EntryPoint","urlTemplate":"https:\/\/woodymancamera.com\/?s={search_term_string}"},"query-input":{"@type":"PropertyValueSpecification","valueRequired":true,"valueName":"search_term_string"}}],"inLanguage":"en-GB"},{"@type":"Organization","@id":"https:\/\/woodymancamera.com\/#organization","name":"Woodyman Camera","url":"https:\/\/woodymancamera.com\/","logo":{"@type":"ImageObject","inLanguage":"en-GB","@id":"https:\/\/woodymancamera.com\/#\/schema\/logo\/image\/","url":"https:\/\/woodymancamera.com\/wp-content\/uploads\/2023\/02\/woodyman_logo3_Plan-de-travail-1.png","contentUrl":"https:\/\/woodymancamera.com\/wp-content\/uploads\/2023\/02\/woodyman_logo3_Plan-de-travail-1.png","width":2084,"height":1197,"caption":"Woodyman Camera"},"image":{"@id":"https:\/\/woodymancamera.com\/#\/schema\/logo\/image\/"},"sameAs":["https:\/\/www.facebook.com\/WoodymanProject\/","https:\/\/www.instagram.com\/woodymanproject\/"]}]}},"jetpack_sharing_enabled":true,"_links":{"self":[{"href":"https:\/\/woodymancamera.com\/en\/wp-json\/wp\/v2\/pages\/6080","targetHints":{"allow":["GET"]}}],"collection":[{"href":"https:\/\/woodymancamera.com\/en\/wp-json\/wp\/v2\/pages"}],"about":[{"href":"https:\/\/woodymancamera.com\/en\/wp-json\/wp\/v2\/types\/page"}],"author":[{"embeddable":true,"href":"https:\/\/woodymancamera.com\/en\/wp-json\/wp\/v2\/users\/1"}],"replies":[{"embeddable":true,"href":"https:\/\/woodymancamera.com\/en\/wp-json\/wp\/v2\/comments?post=6080"}],"version-history":[{"count":1,"href":"https:\/\/woodymancamera.com\/en\/wp-json\/wp\/v2\/pages\/6080\/revisions"}],"predecessor-version":[{"id":9114,"href":"https:\/\/woodymancamera.com\/en\/wp-json\/wp\/v2\/pages\/6080\/revisions\/9114"}],"wp:attachment":[{"href":"https:\/\/woodymancamera.com\/en\/wp-json\/wp\/v2\/media?parent=6080"}],"curies":[{"name":"wp","href":"https:\/\/api.w.org\/{rel}","templated":true}]}}